{"id":9948,"date":"2022-11-26T16:22:15","date_gmt":"2022-11-26T16:22:15","guid":{"rendered":"https:\/\/srrafi.com\/dev\/cal\/?page_id=9948"},"modified":"2024-11-08T19:43:13","modified_gmt":"2024-11-08T19:43:13","slug":"home-three","status":"publish","type":"page","link":"https:\/\/menoresniunagota.cl\/","title":{"rendered":"Home MNUG"},"content":{"rendered":"\t\t<div data-elementor-type=\"wp-page\" data-elementor-id=\"9948\" class=\"elementor elementor-9948\">\n\t\t\t\t\t\t<section class=\"elementor-section elementor-top-section elementor-element elementor-element-9c116cd elementor-section-full_width elementor-section-height-default elementor-section-height-default\" data-id=\"9c116cd\" data-element_type=\"section\" data-e-type=\"section\" data-settings=\"{&quot;background_background&quot;:&quot;classic&quot;}\">\n\t\t\t\t\t\t<div class=\"elementor-container elementor-column-gap-default\">\n\t\t\t\t\t<div class=\"elementor-column elementor-col-100 elementor-top-column elementor-element elementor-element-f9fec45\" data-id=\"f9fec45\" data-element_type=\"column\" data-e-type=\"column\">\n\t\t\t<div class=\"elementor-widget-wrap elementor-element-populated\">\n\t\t\t\t\t\t<div class=\"elementor-element elementor-element-d805b74 elementor-widget elementor-widget-calmor-hero\" data-id=\"d805b74\" data-element_type=\"widget\" data-e-type=\"widget\" data-widget_type=\"calmor-hero.default\">\n\t\t\t\t<div class=\"elementor-widget-container\">\n\t\t\t\t\t <!-- Hero -->\n <!-- Hero -->\n<section class=\"hero_digital_studio\" data-bg-color=\"#A6D8B5\">\n    <div class=\"container\">\n        <div class=\"row align-items-center\">\n            <div class=\"col-lg-6\">\n                <div class=\"section_title wow fadeInLeft\" data-wow-delay=\"0.1s\">\n                                    <h1 class=\"wow fadeInLeft\" data-wow-delay=\"0.3s\">Menores Ni Una Gota<\/h1>\n                                <\/div>\n            <\/div>\n            <div class=\"col-lg-6\">\n                <div class=\"content\">\n                                            <p class=\"wow fadeInLeft\" data-wow-delay=\"0.3s\">Estudios se\u00f1alan que en Chile, en promedio, la edad de inicio del consumo de\nalcohol est\u00e1 en los 13,8 a\u00f1os y alarmantemente un 63% de los menores entre 8\u00b0\nb\u00e1sico y 4\u00b0 medio dice haber consumido alcohol en el \u00faltimo a\u00f1o<\/p>\n                                                                <a href=\"\" class=\"bg_btn wow fadeInLeft\" data-wow-delay=\"0.5s\">Conoce m\u00e1s<i class=\"fa-solid fa-arrow-right\"><\/i><\/a>\n                                    <\/div>\n            <\/div>\n        <\/div>\n    <\/div>\n    <div class=\"shape_img\">\n                   <img decoding=\"async\" src=\"https:\/\/srrafi.com\/dev\/cal\/wp-content\/uploads\/2022\/12\/1.png\" alt=\"\" class=\"one wow fadeInLeft\" data-wow-delay=\"0.7s\">\n                            <img decoding=\"async\" src=\"https:\/\/srrafi.com\/dev\/cal\/wp-content\/uploads\/2022\/12\/2.png\" alt=\"\" class=\"two\">\n                            <img decoding=\"async\" src=\"https:\/\/srrafi.com\/dev\/cal\/wp-content\/uploads\/2022\/12\/3.png\" alt=\"\" class=\"three wow fadeInRight\" data-wow-delay=\"0.9s\">\n                <\/div>\n        <div class=\"bg_ovarly\">\n        <img decoding=\"async\" src=\"https:\/\/menoresniunagota.cl\/wp-content\/uploads\/2024\/05\/header-mnug.png\" alt=\"\">\n    <\/div>\n    <\/section>\n<!-- Hero -->\n   \n\t\t\t\t<\/div>\n\t\t\t\t<\/div>\n\t\t\t\t\t<\/div>\n\t\t<\/div>\n\t\t\t\t\t<\/div>\n\t\t<\/section>\n\t\t\t\t<section class=\"elementor-section elementor-top-section elementor-element elementor-element-4e6e9b6 elementor-section-full_width elementor-section-height-default elementor-section-height-default\" data-id=\"4e6e9b6\" data-element_type=\"section\" data-e-type=\"section\" data-settings=\"{&quot;background_background&quot;:&quot;classic&quot;}\">\n\t\t\t\t\t\t<div class=\"elementor-container elementor-column-gap-default\">\n\t\t\t\t\t<div class=\"elementor-column elementor-col-100 elementor-top-column elementor-element elementor-element-31282e5\" data-id=\"31282e5\" data-element_type=\"column\" data-e-type=\"column\">\n\t\t\t<div class=\"elementor-widget-wrap elementor-element-populated\">\n\t\t\t\t\t\t<div class=\"elementor-element elementor-element-8cea54a elementor-widget elementor-widget-calmor-marque\" data-id=\"8cea54a\" data-element_type=\"widget\" data-e-type=\"widget\" data-widget_type=\"calmor-marque.default\">\n\t\t\t\t<div class=\"elementor-widget-container\">\n\t\t\t\t\t    <!-- Service Line -->\r\n    <section class=\"service_line h_3\">\r\n    <div class=\"line_item\">\r\n                <h5><img decoding=\"async\" src=\"https:\/\/srrafi.com\/dev\/cal\/wp-content\/uploads\/2022\/11\/burst_pucker.png\" alt=\"\">Consecuencias del consumo de alcohol en menores<\/h5>\r\n                <h5><img decoding=\"async\" src=\"https:\/\/srrafi.com\/dev\/cal\/wp-content\/uploads\/2022\/11\/burst_pucker.png\" alt=\"\">Consecuencias del consumo de alcohol en menores<\/h5>\r\n                <h5><img decoding=\"async\" src=\"https:\/\/srrafi.com\/dev\/cal\/wp-content\/uploads\/2022\/11\/burst_pucker.png\" alt=\"\">Consecuencias del consumo de alcohol en menores<\/h5>\r\n            <\/div>\r\n<\/section>\r\n<!-- Service Line -->\r\n\r\n\t\t\t\t<\/div>\n\t\t\t\t<\/div>\n\t\t\t\t\t<\/div>\n\t\t<\/div>\n\t\t\t\t\t<\/div>\n\t\t<\/section>\n\t\t\t\t<section class=\"elementor-section elementor-top-section elementor-element elementor-element-cebac19 elementor-section-boxed elementor-section-height-default elementor-section-height-default\" data-id=\"cebac19\" data-element_type=\"section\" data-e-type=\"section\">\n\t\t\t\t\t\t<div class=\"elementor-container elementor-column-gap-default\">\n\t\t\t\t\t<div class=\"elementor-column elementor-col-100 elementor-top-column elementor-element elementor-element-627cf21\" data-id=\"627cf21\" data-element_type=\"column\" data-e-type=\"column\">\n\t\t\t<div class=\"elementor-widget-wrap elementor-element-populated\">\n\t\t\t\t\t\t<div class=\"elementor-element elementor-element-78f02bf elementor-widget elementor-widget-heading\" data-id=\"78f02bf\" data-element_type=\"widget\" data-e-type=\"widget\" data-widget_type=\"heading.default\">\n\t\t\t\t<div class=\"elementor-widget-container\">\n\t\t\t\t\t<h2 class=\"elementor-heading-title elementor-size-default\">Menores Ni Una Gota en la prensa<\/h2>\t\t\t\t<\/div>\n\t\t\t\t<\/div>\n\t\t\t\t<div class=\"elementor-element elementor-element-d0ee14f elementor-widget elementor-widget-calmor_blog\" data-id=\"d0ee14f\" data-element_type=\"widget\" data-e-type=\"widget\" data-widget_type=\"calmor_blog.default\">\n\t\t\t\t<div class=\"elementor-widget-container\">\n\t\t\t\t\t \r\n<div class=\"min_blog_area_col_3\">\r\n        <div class=\"single_blog wow fadeInLeft\" data-wow-delay=\"0.3s\">\r\n        <div class=\"blog_top\">\r\n                            <img fetchpriority=\"high\" decoding=\"async\" width=\"2560\" height=\"1683\" src=\"https:\/\/menoresniunagota.cl\/wp-content\/uploads\/2024\/05\/noticia-scaled.jpg\" class=\"attachment-post-thumbnail size-post-thumbnail wp-post-image\" alt=\"\" srcset=\"https:\/\/menoresniunagota.cl\/wp-content\/uploads\/2024\/05\/noticia-scaled.jpg 2560w, https:\/\/menoresniunagota.cl\/wp-content\/uploads\/2024\/05\/noticia-300x197.jpg 300w, https:\/\/menoresniunagota.cl\/wp-content\/uploads\/2024\/05\/noticia-1024x673.jpg 1024w, https:\/\/menoresniunagota.cl\/wp-content\/uploads\/2024\/05\/noticia-768x505.jpg 768w\" sizes=\"(max-width: 2560px) 100vw, 2560px\" \/>                        <span class=\"author\"><a href=\"#\">by admin<\/a><\/span>\r\n        <\/div>\r\n        <div class=\"blog_bottom\">\r\n            <div class=\"date_cetagory\">\r\n                <span class=\"date\">mayo 29, 2024<\/span>\r\n                <span>\/<\/span>\r\n                            <\/div>\r\n            <h4><a href=\"https:\/\/menoresniunagota.cl\/?p=13065\">Noticia N\u00ba1<\/a><\/h4>\r\n            <a href=\"https:\/\/menoresniunagota.cl\/?p=13065\" class=\"text_btn\">Read more <i class=\"fa-solid fa-arrow-right\"><\/i><\/a>\r\n        <\/div>\r\n    <\/div>\r\n        <div class=\"single_blog wow fadeInLeft\" data-wow-delay=\"0.3s\">\r\n        <div class=\"blog_top\">\r\n                            <img decoding=\"async\" width=\"2560\" height=\"1688\" src=\"https:\/\/menoresniunagota.cl\/wp-content\/uploads\/2024\/05\/noticia2-scaled.jpg\" class=\"attachment-post-thumbnail size-post-thumbnail wp-post-image\" alt=\"\" srcset=\"https:\/\/menoresniunagota.cl\/wp-content\/uploads\/2024\/05\/noticia2-scaled.jpg 2560w, https:\/\/menoresniunagota.cl\/wp-content\/uploads\/2024\/05\/noticia2-300x198.jpg 300w, https:\/\/menoresniunagota.cl\/wp-content\/uploads\/2024\/05\/noticia2-1024x675.jpg 1024w, https:\/\/menoresniunagota.cl\/wp-content\/uploads\/2024\/05\/noticia2-768x506.jpg 768w, https:\/\/menoresniunagota.cl\/wp-content\/uploads\/2024\/05\/noticia2-1536x1013.jpg 1536w\" sizes=\"(max-width: 2560px) 100vw, 2560px\" \/>                        <span class=\"author\"><a href=\"#\">by admin<\/a><\/span>\r\n        <\/div>\r\n        <div class=\"blog_bottom\">\r\n            <div class=\"date_cetagory\">\r\n                <span class=\"date\">mayo 29, 2024<\/span>\r\n                <span>\/<\/span>\r\n                            <\/div>\r\n            <h4><a href=\"https:\/\/menoresniunagota.cl\/?p=13063\">Noticia N\u00ba2<\/a><\/h4>\r\n            <a href=\"https:\/\/menoresniunagota.cl\/?p=13063\" class=\"text_btn\">Read more <i class=\"fa-solid fa-arrow-right\"><\/i><\/a>\r\n        <\/div>\r\n    <\/div>\r\n        <div class=\"single_blog wow fadeInLeft\" data-wow-delay=\"0.3s\">\r\n        <div class=\"blog_top\">\r\n                            <img decoding=\"async\" width=\"1982\" height=\"1322\" src=\"https:\/\/menoresniunagota.cl\/wp-content\/uploads\/2024\/05\/noticia3.jpg\" class=\"attachment-post-thumbnail size-post-thumbnail wp-post-image\" alt=\"\" srcset=\"https:\/\/menoresniunagota.cl\/wp-content\/uploads\/2024\/05\/noticia3.jpg 1982w, https:\/\/menoresniunagota.cl\/wp-content\/uploads\/2024\/05\/noticia3-300x200.jpg 300w, https:\/\/menoresniunagota.cl\/wp-content\/uploads\/2024\/05\/noticia3-1024x683.jpg 1024w, https:\/\/menoresniunagota.cl\/wp-content\/uploads\/2024\/05\/noticia3-768x512.jpg 768w, https:\/\/menoresniunagota.cl\/wp-content\/uploads\/2024\/05\/noticia3-1536x1025.jpg 1536w, https:\/\/menoresniunagota.cl\/wp-content\/uploads\/2024\/05\/noticia3-600x400.jpg 600w\" sizes=\"(max-width: 1982px) 100vw, 1982px\" \/>                        <span class=\"author\"><a href=\"#\">by admin<\/a><\/span>\r\n        <\/div>\r\n        <div class=\"blog_bottom\">\r\n            <div class=\"date_cetagory\">\r\n                <span class=\"date\">mayo 29, 2024<\/span>\r\n                <span>\/<\/span>\r\n                            <\/div>\r\n            <h4><a href=\"https:\/\/menoresniunagota.cl\/?p=13057\">Noticia N\u00ba3<\/a><\/h4>\r\n            <a href=\"https:\/\/menoresniunagota.cl\/?p=13057\" class=\"text_btn\">Read more <i class=\"fa-solid fa-arrow-right\"><\/i><\/a>\r\n        <\/div>\r\n    <\/div>\r\n    <\/div>\r\n\t\t\t\t<\/div>\n\t\t\t\t<\/div>\n\t\t\t\t\t<\/div>\n\t\t<\/div>\n\t\t\t\t\t<\/div>\n\t\t<\/section>\n\t\t\t\t<section class=\"elementor-section elementor-top-section elementor-element elementor-element-c083555 elementor-section-boxed elementor-section-height-default elementor-section-height-default\" data-id=\"c083555\" data-element_type=\"section\" data-e-type=\"section\" data-settings=\"{&quot;background_background&quot;:&quot;classic&quot;}\">\n\t\t\t\t\t\t<div class=\"elementor-container elementor-column-gap-default\">\n\t\t\t\t\t<div class=\"elementor-column elementor-col-50 elementor-top-column elementor-element elementor-element-56d0b18\" data-id=\"56d0b18\" data-element_type=\"column\" data-e-type=\"column\">\n\t\t\t<div class=\"elementor-widget-wrap elementor-element-populated\">\n\t\t\t\t\t\t<div class=\"elementor-element elementor-element-4437125 elementor-widget elementor-widget-heading\" data-id=\"4437125\" data-element_type=\"widget\" data-e-type=\"widget\" data-widget_type=\"heading.default\">\n\t\t\t\t<div class=\"elementor-widget-container\">\n\t\t\t\t\t<h2 class=\"elementor-heading-title elementor-size-default\">\u00bfEres profesor, profesora, coordinador?<\/h2>\t\t\t\t<\/div>\n\t\t\t\t<\/div>\n\t\t\t\t<div class=\"elementor-element elementor-element-78e3bed elementor-widget elementor-widget-text-editor\" data-id=\"78e3bed\" data-element_type=\"widget\" data-e-type=\"widget\" data-widget_type=\"text-editor.default\">\n\t\t\t\t<div class=\"elementor-widget-container\">\n\t\t\t\t\t\t\t\t\t<p class=\"p1\">Este contenido te servir\u00e1! Hemos preparado gu\u00edas que podr\u00e1s usar directamente en tu sala de clases.<\/p>\t\t\t\t\t\t\t\t<\/div>\n\t\t\t\t<\/div>\n\t\t\t\t\t<\/div>\n\t\t<\/div>\n\t\t\t\t<div class=\"elementor-column elementor-col-50 elementor-top-column elementor-element elementor-element-a8eeb5a\" data-id=\"a8eeb5a\" data-element_type=\"column\" data-e-type=\"column\">\n\t\t\t<div class=\"elementor-widget-wrap elementor-element-populated\">\n\t\t\t\t\t\t<div class=\"elementor-element elementor-element-3d86bea elementor-widget elementor-widget-image\" data-id=\"3d86bea\" data-element_type=\"widget\" data-e-type=\"widget\" data-widget_type=\"image.default\">\n\t\t\t\t<div class=\"elementor-widget-container\">\n\t\t\t\t\t\t\t\t\t\t\t\t\t\t\t<img loading=\"lazy\" decoding=\"async\" width=\"640\" height=\"640\" src=\"https:\/\/menoresniunagota.cl\/wp-content\/uploads\/2024\/06\/profe-1024x1024.jpg\" class=\"attachment-large size-large wp-image-13217\" alt=\"\" srcset=\"https:\/\/menoresniunagota.cl\/wp-content\/uploads\/2024\/06\/profe-1024x1024.jpg 1024w, https:\/\/menoresniunagota.cl\/wp-content\/uploads\/2024\/06\/profe-300x300.jpg 300w, https:\/\/menoresniunagota.cl\/wp-content\/uploads\/2024\/06\/profe-150x150.jpg 150w, https:\/\/menoresniunagota.cl\/wp-content\/uploads\/2024\/06\/profe-768x768.jpg 768w, https:\/\/menoresniunagota.cl\/wp-content\/uploads\/2024\/06\/profe-80x80.jpg 80w, https:\/\/menoresniunagota.cl\/wp-content\/uploads\/2024\/06\/profe-100x100.jpg 100w, https:\/\/menoresniunagota.cl\/wp-content\/uploads\/2024\/06\/profe-1536x1536.jpg 1536w, https:\/\/menoresniunagota.cl\/wp-content\/uploads\/2024\/06\/profe-600x600.jpg 600w, https:\/\/menoresniunagota.cl\/wp-content\/uploads\/2024\/06\/profe.jpg 1740w\" sizes=\"(max-width: 640px) 100vw, 640px\" \/>\t\t\t\t\t\t\t\t\t\t\t\t\t\t\t<\/div>\n\t\t\t\t<\/div>\n\t\t\t\t\t<\/div>\n\t\t<\/div>\n\t\t\t\t\t<\/div>\n\t\t<\/section>\n\t\t\t\t<section class=\"elementor-section elementor-top-section elementor-element elementor-element-60a6963 elementor-section-boxed elementor-section-height-default elementor-section-height-default\" data-id=\"60a6963\" data-element_type=\"section\" data-e-type=\"section\">\n\t\t\t\t\t\t<div class=\"elementor-container elementor-column-gap-default\">\n\t\t\t\t\t<div class=\"elementor-column elementor-col-50 elementor-top-column elementor-element elementor-element-03f48e4\" data-id=\"03f48e4\" data-element_type=\"column\" data-e-type=\"column\">\n\t\t\t<div class=\"elementor-widget-wrap elementor-element-populated\">\n\t\t\t\t\t\t<div class=\"elementor-element elementor-element-d82f9ef elementor-widget elementor-widget-image\" data-id=\"d82f9ef\" data-element_type=\"widget\" data-e-type=\"widget\" data-widget_type=\"image.default\">\n\t\t\t\t<div class=\"elementor-widget-container\">\n\t\t\t\t\t\t\t\t\t\t\t\t\t\t\t<img loading=\"lazy\" decoding=\"async\" width=\"640\" height=\"640\" src=\"https:\/\/menoresniunagota.cl\/wp-content\/uploads\/2024\/06\/padrehijo-768x768.jpg\" class=\"attachment-medium_large size-medium_large wp-image-13213\" alt=\"\" srcset=\"https:\/\/menoresniunagota.cl\/wp-content\/uploads\/2024\/06\/padrehijo-768x768.jpg 768w, https:\/\/menoresniunagota.cl\/wp-content\/uploads\/2024\/06\/padrehijo-300x300.jpg 300w, https:\/\/menoresniunagota.cl\/wp-content\/uploads\/2024\/06\/padrehijo-1024x1024.jpg 1024w, https:\/\/menoresniunagota.cl\/wp-content\/uploads\/2024\/06\/padrehijo-150x150.jpg 150w, https:\/\/menoresniunagota.cl\/wp-content\/uploads\/2024\/06\/padrehijo-80x80.jpg 80w, https:\/\/menoresniunagota.cl\/wp-content\/uploads\/2024\/06\/padrehijo-100x100.jpg 100w, https:\/\/menoresniunagota.cl\/wp-content\/uploads\/2024\/06\/padrehijo-1536x1536.jpg 1536w, https:\/\/menoresniunagota.cl\/wp-content\/uploads\/2024\/06\/padrehijo-600x600.jpg 600w, https:\/\/menoresniunagota.cl\/wp-content\/uploads\/2024\/06\/padrehijo.jpg 1652w\" sizes=\"(max-width: 640px) 100vw, 640px\" \/>\t\t\t\t\t\t\t\t\t\t\t\t\t\t\t<\/div>\n\t\t\t\t<\/div>\n\t\t\t\t\t<\/div>\n\t\t<\/div>\n\t\t\t\t<div class=\"elementor-column elementor-col-50 elementor-top-column elementor-element elementor-element-289fefc\" data-id=\"289fefc\" data-element_type=\"column\" data-e-type=\"column\">\n\t\t\t<div class=\"elementor-widget-wrap elementor-element-populated\">\n\t\t\t\t\t\t<div class=\"elementor-element elementor-element-ee92b60 elementor-widget elementor-widget-heading\" data-id=\"ee92b60\" data-element_type=\"widget\" data-e-type=\"widget\" data-widget_type=\"heading.default\">\n\t\t\t\t<div class=\"elementor-widget-container\">\n\t\t\t\t\t<h2 class=\"elementor-heading-title elementor-size-default\">Habla con tu hijo\/a<\/h2>\t\t\t\t<\/div>\n\t\t\t\t<\/div>\n\t\t\t\t<div class=\"elementor-element elementor-element-c9a9c3f elementor-widget elementor-widget-text-editor\" data-id=\"c9a9c3f\" data-element_type=\"widget\" data-e-type=\"widget\" data-widget_type=\"text-editor.default\">\n\t\t\t\t<div class=\"elementor-widget-container\">\n\t\t\t\t\t\t\t\t\t<p class=\"p1\">Queremos ayudarte en esta relevante conversaci\u00f3n, ac\u00e1 encontrar\u00e1s directrices que te ayudar\u00e1n a dirigir esta importante misi\u00f3n.<\/p>\t\t\t\t\t\t\t\t<\/div>\n\t\t\t\t<\/div>\n\t\t\t\t\t<\/div>\n\t\t<\/div>\n\t\t\t\t\t<\/div>\n\t\t<\/section>\n\t\t\t\t<\/div>\n\t\t","protected":false},"excerpt":{"rendered":"<p>Menores Ni Una Gota Estudios se\u00f1alan que en Chile, en promedio, la edad de inicio del consumo de alcohol est\u00e1 en los 13,8 a\u00f1os y alarmantemente un 63% de los menores entre 8\u00b0 b\u00e1sico y 4\u00b0 medio dice haber consumido alcohol en el \u00faltimo a\u00f1o Conoce m\u00e1s Consecuencias del consumo de alcohol en menores Consecuencias &#8230;<\/p>\n","protected":false},"author":1,"featured_media":0,"parent":0,"menu_order":0,"comment_status":"closed","ping_status":"closed","template":"elementor_header_footer","meta":{"_acf_changed":false,"nf_dc_page":"","footnotes":""},"class_list":["post-9948","page","type-page","status-publish","hentry"],"acf":[],"_links":{"self":[{"href":"https:\/\/menoresniunagota.cl\/index.php?rest_route=\/wp\/v2\/pages\/9948","targetHints":{"allow":["GET"]}}],"collection":[{"href":"https:\/\/menoresniunagota.cl\/index.php?rest_route=\/wp\/v2\/pages"}],"about":[{"href":"https:\/\/menoresniunagota.cl\/index.php?rest_route=\/wp\/v2\/types\/page"}],"author":[{"embeddable":true,"href":"https:\/\/menoresniunagota.cl\/index.php?rest_route=\/wp\/v2\/users\/1"}],"replies":[{"embeddable":true,"href":"https:\/\/menoresniunagota.cl\/index.php?rest_route=%2Fwp%2Fv2%2Fcomments&post=9948"}],"version-history":[{"count":11,"href":"https:\/\/menoresniunagota.cl\/index.php?rest_route=\/wp\/v2\/pages\/9948\/revisions"}],"predecessor-version":[{"id":13268,"href":"https:\/\/menoresniunagota.cl\/index.php?rest_route=\/wp\/v2\/pages\/9948\/revisions\/13268"}],"wp:attachment":[{"href":"https:\/\/menoresniunagota.cl\/index.php?rest_route=%2Fwp%2Fv2%2Fmedia&parent=9948"}],"curies":[{"name":"wp","href":"https:\/\/api.w.org\/{rel}","templated":true}]}}